{"id":15,"date":"2020-08-05T01:34:46","date_gmt":"2020-08-05T04:34:46","guid":{"rendered":"http:\/\/wp.apeffa.com\/?page_id=15"},"modified":"2020-08-05T01:34:46","modified_gmt":"2020-08-05T04:34:46","slug":"autoridades","status":"publish","type":"page","link":"https:\/\/www.apeffa.com\/?page_id=15","title":{"rendered":"Autoridades"},"content":{"rendered":"\n<figure class=\"wp-block-table is-style-regular\"><table><tbody><tr><td><strong>Comisi\u00f3n Directiva<\/strong><\/td><td><\/td><\/tr><tr><td>Presidente<\/td><td>Prof. Alfredo Augusto Weber<\/td><\/tr><tr><td>Secretario<\/td><td>Prof. Guillermo P\u00e9rez Ugidos<\/td><\/tr><tr><td>Tesorero<\/td><td>Prof. C\u00e9sar Javier Carnero<\/td><\/tr><tr><td><strong>Vocales Titulares<\/strong><\/td><td><\/td><\/tr><tr><td>Vocal 1\u00ba<\/td><td>Prof. Carlos Eduardo Juarez<\/td><\/tr><tr><td>Vocal 2\u00b0<\/td><td>Prof. Guillermo Eduardo Valldeneu<\/td><\/tr><tr><td><strong>Vocales Suplentes<\/strong><\/td><\/tr><tr><td>Vocal 1\u00ba<\/td><td>Prof. Gustavo Otero<\/td><\/tr><tr><td>Vocal 2\u00ba<\/td><td>Prof. Mart\u00edn Traversi<\/td><\/tr><tr><td><strong>\u00d3rgano Fiscalizador<\/strong><\/td><\/tr><tr><td>1\u00ba<\/td><td>Prof. Ariel Gomez<\/td><\/tr><tr><td>2\u00ba<\/td><td>Prof. Alfredo Segobia<\/td><\/tr><tr><td>Suplente<\/td><td>Prof. Rodrigo Castellano<\/td><\/tr><\/tbody><\/table><\/figure>\n","protected":false},"excerpt":{"rendered":"<p>Comisi\u00f3n Directiva Presidente Prof. Alfredo Augusto Weber Secretario Prof. Guillermo P\u00e9rez Ugidos Tesorero Prof. C\u00e9sar Javier Carnero Vocales Titulares Vocal 1\u00ba Prof. Carlos Eduardo Juarez Vocal 2\u00b0 Prof. Guillermo Eduardo Valldeneu Vocales Suplentes Vocal 1\u00ba Prof. Gustavo Otero Vocal 2\u00ba Prof. Mart\u00edn Traversi \u00d3rgano Fiscalizador 1\u00ba Prof. Ariel Gomez 2\u00ba Prof. Alfredo Segobia Suplente Prof. [&hellip;]<\/p>\n","protected":false},"author":1,"featured_media":0,"parent":0,"menu_order":0,"comment_status":"closed","ping_status":"closed","template":"","meta":[],"acf":[],"_links":{"self":[{"href":"https:\/\/www.apeffa.com\/index.php?rest_route=\/wp\/v2\/pages\/15"}],"collection":[{"href":"https:\/\/www.apeffa.com\/index.php?rest_route=\/wp\/v2\/pages"}],"about":[{"href":"https:\/\/www.apeffa.com\/index.php?rest_route=\/wp\/v2\/types\/page"}],"author":[{"embeddable":true,"href":"https:\/\/www.apeffa.com\/index.php?rest_route=\/wp\/v2\/users\/1"}],"replies":[{"embeddable":true,"href":"https:\/\/www.apeffa.com\/index.php?rest_route=%2Fwp%2Fv2%2Fcomments&post=15"}],"version-history":[{"count":0,"href":"https:\/\/www.apeffa.com\/index.php?rest_route=\/wp\/v2\/pages\/15\/revisions"}],"wp:attachment":[{"href":"https:\/\/www.apeffa.com\/index.php?rest_route=%2Fwp%2Fv2%2Fmedia&parent=15"}],"curies":[{"name":"wp","href":"https:\/\/api.w.org\/{rel}","templated":true}]}}