{"id":626,"date":"2022-12-15T23:57:33","date_gmt":"2022-12-16T02:57:33","guid":{"rendered":"https:\/\/www.apeffa.com\/?page_id=626"},"modified":"2026-03-13T16:15:08","modified_gmt":"2026-03-13T19:15:08","slug":"cursos-anuales-2023","status":"publish","type":"page","link":"https:\/\/www.apeffa.com\/?page_id=626","title":{"rendered":"Cursos Anuales 2026"},"content":{"rendered":"\t\t<div data-elementor-type=\"wp-page\" data-elementor-id=\"626\" class=\"elementor elementor-626\">\n\t\t\t\t\t\t\t\t\t<section class=\"elementor-section elementor-top-section elementor-element elementor-element-e574a21 elementor-section-boxed elementor-section-height-default elementor-section-height-default\" data-id=\"e574a21\" data-element_type=\"section\">\n\t\t\t\t\t\t<div class=\"elementor-container elementor-column-gap-default\">\n\t\t\t\t\t<div class=\"elementor-column elementor-col-100 elementor-top-column elementor-element elementor-element-23895ff\" data-id=\"23895ff\" data-element_type=\"column\">\n\t\t\t<div class=\"elementor-widget-wrap elementor-element-populated\">\n\t\t\t\t\t\t\t\t<div class=\"elementor-element elementor-element-37cc19e elementor-widget elementor-widget-text-editor\" data-id=\"37cc19e\" data-element_type=\"widget\" data-widget_type=\"text-editor.default\">\n\t\t\t\t<div class=\"elementor-widget-container\">\n\t\t\t<style>\/*! elementor - v3.9.1 - 14-12-2022 *\/\n.elementor-widget-text-editor.elementor-drop-cap-view-stacked .elementor-drop-cap{background-color:#818a91;color:#fff}.elementor-widget-text-editor.elementor-drop-cap-view-framed .elementor-drop-cap{color:#818a91;border:3px solid;background-color:transparent}.elementor-widget-text-editor:not(.elementor-drop-cap-view-default) .elementor-drop-cap{margin-top:8px}.elementor-widget-text-editor:not(.elementor-drop-cap-view-default) .elementor-drop-cap-letter{width:1em;height:1em}.elementor-widget-text-editor .elementor-drop-cap{float:left;text-align:center;line-height:1;font-size:50px}.elementor-widget-text-editor .elementor-drop-cap-letter{display:inline-block}<\/style>\t\t\t\t<h5><b>CURSO DE PREPARACI\u00d3N F\u00cdSICA EN F\u00daTBOL A NIVEL INFANTIL, JUVENIL Y\u00a0<\/b><b style=\"font-size: 1.25rem;\">PROFESIONAL CON EL AVAL DE <span style=\"color: #0000ff;\">AFA<\/span> Y <span style=\"color: #0000ff;\">CONMEBOL<\/span>, PARA GESTIONAR\u00a0<\/b><b style=\"font-size: 1.25rem;\">LICENCIAS A Y B DE CONMEBOL<\/b><\/h5><p style=\"color: #000000; font-family: roboto, sans-serif; font-size: 17.6px; font-weight: 600;\"><span style=\"font-weight: 400;\">Modalidad presencial y semipresencial<\/span><\/p>\t\t\t\t\t\t<\/div>\n\t\t\t\t<\/div>\n\t\t\t\t\t<\/div>\n\t\t<\/div>\n\t\t\t\t\t\t\t<\/div>\n\t\t<\/section>\n\t\t\t\t<section class=\"elementor-section elementor-top-section elementor-element elementor-element-f8b3d9a elementor-section-boxed elementor-section-height-default elementor-section-height-default\" data-id=\"f8b3d9a\" data-element_type=\"section\">\n\t\t\t\t\t\t<div class=\"elementor-container elementor-column-gap-default\">\n\t\t\t\t\t<div class=\"elementor-column elementor-col-50 elementor-top-column elementor-element elementor-element-11e2c9b\" data-id=\"11e2c9b\" data-element_type=\"column\">\n\t\t\t<div class=\"elementor-widget-wrap elementor-element-populated\">\n\t\t\t\t\t\t\t\t<div class=\"elementor-element elementor-element-a436992 elementor-widget elementor-widget-heading\" data-id=\"a436992\" data-element_type=\"widget\" data-widget_type=\"heading.default\">\n\t\t\t\t<div class=\"elementor-widget-container\">\n\t\t\t<style>\/*! elementor - v3.9.1 - 14-12-2022 *\/\n.elementor-heading-title{padding:0;margin:0;line-height:1}.elementor-widget-heading .elementor-heading-title[class*=elementor-size-]>a{color:inherit;font-size:inherit;line-height:inherit}.elementor-widget-heading .elementor-heading-title.elementor-size-small{font-size:15px}.elementor-widget-heading .elementor-heading-title.elementor-size-medium{font-size:19px}.elementor-widget-heading .elementor-heading-title.elementor-size-large{font-size:29px}.elementor-widget-heading .elementor-heading-title.elementor-size-xl{font-size:39px}.elementor-widget-heading .elementor-heading-title.elementor-size-xxl{font-size:59px}<\/style><h2 class=\"elementor-heading-title elementor-size-default\">Presencial<\/h2>\t\t<\/div>\n\t\t\t\t<\/div>\n\t\t\t\t<div class=\"elementor-element elementor-element-1545c97 elementor-widget elementor-widget-image\" data-id=\"1545c97\" data-element_type=\"widget\" data-widget_type=\"image.default\">\n\t\t\t\t<div class=\"elementor-widget-container\">\n\t\t\t<style>\/*! elementor - v3.9.1 - 14-12-2022 *\/\n.elementor-widget-image{text-align:center}.elementor-widget-image a{display:inline-block}.elementor-widget-image a img[src$=\".svg\"]{width:48px}.elementor-widget-image img{vertical-align:middle;display:inline-block}<\/style>\t\t\t\t\t\t\t\t\t\t\t\t\t<a href=\"https:\/\/www.apeffa.com\/wp-content\/uploads\/2026\/03\/Curso-Presencial-2026.pdf\">\n\t\t\t\t\t\t\t<img decoding=\"async\" width=\"610\" height=\"610\" src=\"https:\/\/www.apeffa.com\/wp-content\/uploads\/2025\/01\/WhatsApp-Image-2025-01-23-at-8.09.29-PM.jpeg\" class=\"attachment-large size-large wp-image-827\" alt=\"\" loading=\"lazy\" srcset=\"https:\/\/www.apeffa.com\/wp-content\/uploads\/2025\/01\/WhatsApp-Image-2025-01-23-at-8.09.29-PM.jpeg 1000w, https:\/\/www.apeffa.com\/wp-content\/uploads\/2025\/01\/WhatsApp-Image-2025-01-23-at-8.09.29-PM-300x300.jpeg 300w, https:\/\/www.apeffa.com\/wp-content\/uploads\/2025\/01\/WhatsApp-Image-2025-01-23-at-8.09.29-PM-150x150.jpeg 150w, https:\/\/www.apeffa.com\/wp-content\/uploads\/2025\/01\/WhatsApp-Image-2025-01-23-at-8.09.29-PM-768x768.jpeg 768w, https:\/\/www.apeffa.com\/wp-content\/uploads\/2025\/01\/WhatsApp-Image-2025-01-23-at-8.09.29-PM-50x50.jpeg 50w, https:\/\/www.apeffa.com\/wp-content\/uploads\/2025\/01\/WhatsApp-Image-2025-01-23-at-8.09.29-PM-80x80.jpeg 80w\" sizes=\"(max-width: 610px) 100vw, 610px\" \/>\t\t\t\t\t\t\t\t<\/a>\n\t\t\t\t\t\t\t\t\t\t\t\t\t\t\t<\/div>\n\t\t\t\t<\/div>\n\t\t\t\t<div class=\"elementor-element elementor-element-f3d15e7 elementor-widget elementor-widget-text-editor\" data-id=\"f3d15e7\" data-element_type=\"widget\" data-widget_type=\"text-editor.default\">\n\t\t\t\t<div class=\"elementor-widget-container\">\n\t\t\t\t\t\t\t<h2>Costos Curso PRESENCIAL<\/h2>\n<ul>\n<li style=\"list-style-type: none;\">\n<ul>\n<li>Matr\u00edcula \u2013 Reserva de la vacante <strong>$52.000<\/strong><\/li>\n<\/ul>\n<\/li>\n<\/ul>\n<p>Modalidades de pago MENSUAL<\/p>\n<ul style=\"margin: 5px 0 5px 10px;\">\n<li>\u2022 Abril, mayo y junio: <strong>$52.000<\/strong><\/li>\n<li>\u2022 Julio, agosto y septiembre <strong>$58.000<\/strong><\/li>\n<li>\u2022 Octubre, noviembre y diciembre: <strong>$62.000<\/strong><\/li>\n<\/ul>\t\t\t\t\t\t<\/div>\n\t\t\t\t<\/div>\n\t\t\t\t<div class=\"elementor-element elementor-element-f9cac3c elementor-widget elementor-widget-text-editor\" data-id=\"f9cac3c\" data-element_type=\"widget\" data-widget_type=\"text-editor.default\">\n\t\t\t\t<div class=\"elementor-widget-container\">\n\t\t\t\t\t\t\t<p class=\"p1\"><strong>Una vez que hayas realizado el dep\u00f3sito o transferencia, env\u00edanos los datos del comprobante por correo electr\u00f3nico a <a href=\"http:\/\/&quot;mailto:info@apeffa.com&quot;\"><span class=\"s1\">info@apeffa.com<\/span>.<\/a><\/strong> No es necesario ser cliente para realizar este tr\u00e1mite.<\/p>\t\t\t\t\t\t<\/div>\n\t\t\t\t<\/div>\n\t\t\t\t\t<\/div>\n\t\t<\/div>\n\t\t\t\t<div class=\"elementor-column elementor-col-50 elementor-top-column elementor-element elementor-element-adeef8c\" data-id=\"adeef8c\" data-element_type=\"column\">\n\t\t\t<div class=\"elementor-widget-wrap elementor-element-populated\">\n\t\t\t\t\t\t\t\t<div class=\"elementor-element elementor-element-ec513ff elementor-widget elementor-widget-heading\" data-id=\"ec513ff\" data-element_type=\"widget\" data-widget_type=\"heading.default\">\n\t\t\t\t<div class=\"elementor-widget-container\">\n\t\t\t<h2 class=\"elementor-heading-title elementor-size-default\">Semipresencial<\/h2>\t\t<\/div>\n\t\t\t\t<\/div>\n\t\t\t\t<div class=\"elementor-element elementor-element-a663d3c elementor-widget elementor-widget-image\" data-id=\"a663d3c\" data-element_type=\"widget\" data-widget_type=\"image.default\">\n\t\t\t\t<div class=\"elementor-widget-container\">\n\t\t\t\t\t\t\t\t\t\t\t\t\t\t\t\t<a href=\"https:\/\/www.apeffa.com\/wp-content\/uploads\/2026\/03\/Curso-Semi-Presencial-2026.pdf\">\n\t\t\t\t\t\t\t<img decoding=\"async\" width=\"610\" height=\"610\" src=\"https:\/\/www.apeffa.com\/wp-content\/uploads\/2025\/01\/WhatsApp-Image-2025-01-23-at-8.09.39-PM-1.jpeg\" class=\"attachment-large size-large wp-image-825\" alt=\"\" loading=\"lazy\" srcset=\"https:\/\/www.apeffa.com\/wp-content\/uploads\/2025\/01\/WhatsApp-Image-2025-01-23-at-8.09.39-PM-1.jpeg 1000w, https:\/\/www.apeffa.com\/wp-content\/uploads\/2025\/01\/WhatsApp-Image-2025-01-23-at-8.09.39-PM-1-300x300.jpeg 300w, https:\/\/www.apeffa.com\/wp-content\/uploads\/2025\/01\/WhatsApp-Image-2025-01-23-at-8.09.39-PM-1-150x150.jpeg 150w, https:\/\/www.apeffa.com\/wp-content\/uploads\/2025\/01\/WhatsApp-Image-2025-01-23-at-8.09.39-PM-1-768x768.jpeg 768w, https:\/\/www.apeffa.com\/wp-content\/uploads\/2025\/01\/WhatsApp-Image-2025-01-23-at-8.09.39-PM-1-50x50.jpeg 50w, https:\/\/www.apeffa.com\/wp-content\/uploads\/2025\/01\/WhatsApp-Image-2025-01-23-at-8.09.39-PM-1-80x80.jpeg 80w\" sizes=\"(max-width: 610px) 100vw, 610px\" \/>\t\t\t\t\t\t\t\t<\/a>\n\t\t\t\t\t\t\t\t\t\t\t\t\t\t\t<\/div>\n\t\t\t\t<\/div>\n\t\t\t\t<div class=\"elementor-element elementor-element-fb77a01 elementor-widget elementor-widget-text-editor\" data-id=\"fb77a01\" data-element_type=\"widget\" data-widget_type=\"text-editor.default\">\n\t\t\t\t<div class=\"elementor-widget-container\">\n\t\t\t\t\t\t\t<h2>Costos Curso SEMIPRESENCIAL<\/h2>\n<ul>\n<li style=\"list-style-type: none;\">\n<ul>\n<li>Matr\u00edcula \u2013 Reserva de la vacante <strong>$100.000<\/strong><\/li>\n<\/ul>\n<\/li>\n<\/ul>\n<p>Modalidades de pago:<\/p>\n<ul style=\"margin: 5px 0 5px 5px;\">\n<li>\u2022 1 pago: <strong>$260.000<\/strong><\/li>\n<li>\u2022 3 pagos:&nbsp;<strong>$100.000<\/strong><\/li>\n<\/ul>\t\t\t\t\t\t<\/div>\n\t\t\t\t<\/div>\n\t\t\t\t<div class=\"elementor-element elementor-element-c2cfd06 elementor-widget elementor-widget-text-editor\" data-id=\"c2cfd06\" data-element_type=\"widget\" data-widget_type=\"text-editor.default\">\n\t\t\t\t<div class=\"elementor-widget-container\">\n\t\t\t\t\t\t\t<p class=\"p1\"><strong>Una vez que hayas realizado el dep\u00f3sito o transferencia, env\u00edanos los datos del comprobante por correo electr\u00f3nico a <a href=\"http:\/\/&quot;mailto:semipresencial@apeffa.com&quot;\"><span class=\"s1\">semipresencial@apeffa.com<\/span>.<\/a><\/strong> No es necesario ser cliente para realizar este tr\u00e1mite.<\/p>\t\t\t\t\t\t<\/div>\n\t\t\t\t<\/div>\n\t\t\t\t\t<\/div>\n\t\t<\/div>\n\t\t\t\t\t\t\t<\/div>\n\t\t<\/section>\n\t\t\t\t<section class=\"elementor-section elementor-top-section elementor-element elementor-element-e0a43f7 elementor-section-boxed elementor-section-height-default elementor-section-height-default\" data-id=\"e0a43f7\" data-element_type=\"section\">\n\t\t\t\t\t\t<div class=\"elementor-container elementor-column-gap-default\">\n\t\t\t\t\t<div class=\"elementor-column elementor-col-50 elementor-top-column elementor-element elementor-element-a491ce1\" data-id=\"a491ce1\" data-element_type=\"column\">\n\t\t\t<div class=\"elementor-widget-wrap elementor-element-populated\">\n\t\t\t\t\t\t\t\t<div class=\"elementor-element elementor-element-2ebc1e3 elementor-widget elementor-widget-heading\" data-id=\"2ebc1e3\" data-element_type=\"widget\" data-widget_type=\"heading.default\">\n\t\t\t\t<div class=\"elementor-widget-container\">\n\t\t\t<h2 class=\"elementor-heading-title elementor-size-default\"><a href=\"https:\/\/www.apeffa.com\/wp-content\/uploads\/2026\/03\/Curso-Presencial-2026.pdf\" style=\"color: white; transition-property: all; text-align: center; white-space-collapse: collapse; font-family: roboto, sans-serif; font-size: 17.6px;\">Ver programa PRESENCIAL y m\u00e1s informaci\u00f3n<\/a><\/h2>\t\t<\/div>\n\t\t\t\t<\/div>\n\t\t\t\t\t<\/div>\n\t\t<\/div>\n\t\t\t\t<div class=\"elementor-column elementor-col-50 elementor-top-column elementor-element elementor-element-faafab1\" data-id=\"faafab1\" data-element_type=\"column\">\n\t\t\t<div class=\"elementor-widget-wrap elementor-element-populated\">\n\t\t\t\t\t\t\t\t<div class=\"elementor-element elementor-element-884297e elementor-widget elementor-widget-heading\" data-id=\"884297e\" data-element_type=\"widget\" data-widget_type=\"heading.default\">\n\t\t\t\t<div class=\"elementor-widget-container\">\n\t\t\t<h2 class=\"elementor-heading-title elementor-size-default\"><a href=\"https:\/\/www.apeffa.com\/wp-content\/uploads\/2026\/03\/Curso-Semi-Presencial-2026.pdf\" style=\"color: white; background-color: transition-property: all; text-align: center; white-space-collapse: collapse; font-family: roboto, sans-serif; font-size: 17.6px;\">Ver Programa SEMIPRESENCIAL y m\u00e1s informaci\u00f3n<\/a><\/h2>\t\t<\/div>\n\t\t\t\t<\/div>\n\t\t\t\t\t<\/div>\n\t\t<\/div>\n\t\t\t\t\t\t\t<\/div>\n\t\t<\/section>\n\t\t\t\t<section class=\"elementor-section elementor-top-section elementor-element elementor-element-d1e879f elementor-section-boxed elementor-section-height-default elementor-section-height-default\" data-id=\"d1e879f\" data-element_type=\"section\">\n\t\t\t\t\t\t<div class=\"elementor-container elementor-column-gap-narrow\">\n\t\t\t\t\t<div class=\"elementor-column elementor-col-100 elementor-top-column elementor-element elementor-element-ace9716\" data-id=\"ace9716\" data-element_type=\"column\">\n\t\t\t<div class=\"elementor-widget-wrap elementor-element-populated\">\n\t\t\t\t\t\t\t\t<div class=\"elementor-element elementor-element-002d40c elementor-widget elementor-widget-heading\" data-id=\"002d40c\" data-element_type=\"widget\" data-widget_type=\"heading.default\">\n\t\t\t\t<div class=\"elementor-widget-container\">\n\t\t\t<h2 class=\"elementor-heading-title elementor-size-default\">Documentaci\u00f3n a presentar<\/h2>\t\t<\/div>\n\t\t\t\t<\/div>\n\t\t\t\t<div class=\"elementor-element elementor-element-a51186e elementor-widget elementor-widget-text-editor\" data-id=\"a51186e\" data-element_type=\"widget\" data-widget_type=\"text-editor.default\">\n\t\t\t\t<div class=\"elementor-widget-container\">\n\t\t\t\t\t\t\t<p>El primer d\u00eda de cursada se deber\u00e1 presentar, dentro de un folio con Apellido y Nombre:<\/p><ul><li>\u2022 Foto 4&#215;4<\/li><li>\u2022 Original y fotocopia del Documento Nacional de Identidad<\/li><li>\u2022 Original y fotocopia del t\u00edtulo de Profesor de Educaci\u00f3n F\u00edsica o constancia de estar cursando el \u00faltimo a\u00f1o del Profesorado de Educaci\u00f3n F\u00edsica<\/li><\/ul>\t\t\t\t\t\t<\/div>\n\t\t\t\t<\/div>\n\t\t\t\t<div class=\"elementor-element elementor-element-cc94d1d elementor-widget elementor-widget-heading\" data-id=\"cc94d1d\" data-element_type=\"widget\" data-widget_type=\"heading.default\">\n\t\t\t\t<div class=\"elementor-widget-container\">\n\t\t\t<h2 class=\"elementor-heading-title elementor-size-default\">Detalles de pago para abonar la matr\u00edcula<\/h2>\t\t<\/div>\n\t\t\t\t<\/div>\n\t\t\t\t<div class=\"elementor-element elementor-element-d3a58b8 elementor-widget elementor-widget-text-editor\" data-id=\"d3a58b8\" data-element_type=\"widget\" data-widget_type=\"text-editor.default\">\n\t\t\t\t<div class=\"elementor-widget-container\">\n\t\t\t\t\t\t\t<ul>\n \t<li>\n<h3 class=\"elementor-heading-title elementor-size-default\" style=\"line-height: 1em; font-size: 1.3em; font-family: 'Roboto Slab', sans-serif; color: #07327c;\" >Banco CREDICOOP (CUALQUIER SUCURSAL)<\/h3>\n<\/li>\n \t<li>Cuenta Corriente 22233\/6 de la Suc. 060<\/li>\n \t<li>CBU: 1910060555006002223364<\/li>\n<\/ul>\t\t\t\t\t\t<\/div>\n\t\t\t\t<\/div>\n\t\t\t\t<div class=\"elementor-element elementor-element-f90d2de elementor-widget elementor-widget-text-editor\" data-id=\"f90d2de\" data-element_type=\"widget\" data-widget_type=\"text-editor.default\">\n\t\t\t\t<div class=\"elementor-widget-container\">\n\t\t\t\t\t\t\t<h3 class=\"elementor-heading-title elementor-size-default\" style=\"line-height: 1em; font-size: 1.3em; font-family: 'Roboto Slab', sans-serif; color: #07327c;\">MERCADOPAGO<\/h3>\n<ul>\n \t<li>ALIAS: apeffa.mp<\/li>\n<\/ul>\t\t\t\t\t\t<\/div>\n\t\t\t\t<\/div>\n\t\t\t\t<div class=\"elementor-element elementor-element-4fba10d elementor-widget elementor-widget-text-editor\" data-id=\"4fba10d\" data-element_type=\"widget\" data-widget_type=\"text-editor.default\">\n\t\t\t\t<div class=\"elementor-widget-container\">\n\t\t\t\t\t\t\t<p><strong>Una vez que hayas realizado el dep\u00f3sito o transferencia, env\u00edanos los datos del comprobante por correo electr\u00f3nico a <a href=\"mailto:info@apeffa.com\">info@apeffa.com<\/a>&nbsp;(presencial) o&nbsp;<\/strong><a href=\"http:\/\/%22mailto:semipresencial@apeffa.com&quot;\/\">semipresencial@apeffa.com<\/a>&nbsp;(semipresencial).&nbsp;No es necesario ser cliente para realizar este tr\u00e1mite.<\/p>\t\t\t\t\t\t<\/div>\n\t\t\t\t<\/div>\n\t\t\t\t<div class=\"elementor-element elementor-element-342bcf8 elementor-widget elementor-widget-text-editor\" data-id=\"342bcf8\" data-element_type=\"widget\" data-widget_type=\"text-editor.default\">\n\t\t\t\t<div class=\"elementor-widget-container\">\n\t\t\t\t\t\t\t<h2>Informes e inscripci\u00f3n<\/h2>\n<p style=\"font-family: roboto, sans-serif; font-weight: 600; padding-left: 40px;\"><span style=\"color: #339966;\">WhatsApp:\u00a0<a style=\"color: #339966;\" href=\"https:\/\/wa.me\/541138212618\">11 3821 2618<\/a>\u00a0(solo mensajes)<\/span><\/p>\n<p style=\"font-family: roboto, sans-serif; font-weight: 600; padding-left: 40px;\">Presencial:\u00a0<a href=\"mailto:info@apeffa.com\">info@apeffa.com<\/a><\/p>\n<p style=\"font-family: roboto, sans-serif; font-weight: 600; padding-left: 40px;\">Semipresencial:\u00a0<a href=\"mailto:semipresencial@apeffa.com\">semipresencial@apeffa.com<\/a><\/p>\n<p style=\"padding-left: 40px;\"><span style=\"color: #000000; font-family: roboto, sans-serif;\"><span style=\"font-weight: bold;\">Tel\u00e9fono:\u00a0<\/span><\/span><span style=\"font-family: roboto, sans-serif;\">\u00a011 2519-8078 (llamados)<\/span><\/p>\n<p style=\"margin-bottom: 0.9em; color: #7a7a7a; font-family: Roboto, sans-serif; padding-left: 40px;\"><span style=\"font-family: roboto, sans-serif; color: #000000;\"><span style=\"font-weight: bold;\">D\u00edas y horarios:\u00a0<\/span>Martes, jueves y viernes de 18 a 21hs<\/span><\/p>\n\n<h2><span style=\"color: #000000;\">Sede<\/span><\/h2>\n<p style=\"color: #000000;\"><span style=\"color: #000000;\">Av. Dr. Ricardo Balb\u00edn 4750, Parque Sarmiento, Sector 1, CABA<\/span><\/p>\t\t\t\t\t\t<\/div>\n\t\t\t\t<\/div>\n\t\t\t\t<div class=\"elementor-element elementor-element-44de347 elementor-widget elementor-widget-google_maps\" data-id=\"44de347\" data-element_type=\"widget\" data-widget_type=\"google_maps.default\">\n\t\t\t\t<div class=\"elementor-widget-container\">\n\t\t\t<style>\/*! elementor - v3.9.1 - 14-12-2022 *\/\n.elementor-widget-google_maps .elementor-widget-container{overflow:hidden}.elementor-widget-google_maps iframe{height:300px}<\/style>\t\t<div class=\"elementor-custom-embed\">\n\t\t\t<iframe frameborder=\"0\" scrolling=\"no\" marginheight=\"0\" marginwidth=\"0\"\n\t\t\t\t\tsrc=\"https:\/\/maps.google.com\/maps?q=Apeffa&#038;t=m&#038;z=15&#038;output=embed&#038;iwloc=near\"\n\t\t\t\t\ttitle=\"Apeffa\"\n\t\t\t\t\taria-label=\"Apeffa\"\n\t\t\t><\/iframe>\n\t\t<\/div>\n\t\t\t\t<\/div>\n\t\t\t\t<\/div>\n\t\t\t\t\t<\/div>\n\t\t<\/div>\n\t\t\t\t\t\t\t<\/div>\n\t\t<\/section>\n\t\t\t\t\t\t\t<\/div>\n\t\t","protected":false},"excerpt":{"rendered":"<p>CURSO DE PREPARACI\u00d3N F\u00cdSICA EN F\u00daTBOL A NIVEL INFANTIL, JUVENIL Y\u00a0PROFESIONAL CON EL AVAL DE AFA Y CONMEBOL, PARA GESTIONAR\u00a0LICENCIAS A Y B DE CONMEBOL Modalidad presencial y semipresencial Presencial Costos Curso PRESENCIAL Matr\u00edcula \u2013 Reserva de la vacante $52.000 Modalidades de pago MENSUAL \u2022 Abril, mayo y junio: $52.000 \u2022 Julio, agosto y septiembre [&hellip;]<\/p>\n","protected":false},"author":1,"featured_media":0,"parent":0,"menu_order":0,"comment_status":"closed","ping_status":"closed","template":"elementor_header_footer","meta":[],"acf":[],"_links":{"self":[{"href":"https:\/\/www.apeffa.com\/index.php?rest_route=\/wp\/v2\/pages\/626"}],"collection":[{"href":"https:\/\/www.apeffa.com\/index.php?rest_route=\/wp\/v2\/pages"}],"about":[{"href":"https:\/\/www.apeffa.com\/index.php?rest_route=\/wp\/v2\/types\/page"}],"author":[{"embeddable":true,"href":"https:\/\/www.apeffa.com\/index.php?rest_route=\/wp\/v2\/users\/1"}],"replies":[{"embeddable":true,"href":"https:\/\/www.apeffa.com\/index.php?rest_route=%2Fwp%2Fv2%2Fcomments&post=626"}],"version-history":[{"count":92,"href":"https:\/\/www.apeffa.com\/index.php?rest_route=\/wp\/v2\/pages\/626\/revisions"}],"predecessor-version":[{"id":939,"href":"https:\/\/www.apeffa.com\/index.php?rest_route=\/wp\/v2\/pages\/626\/revisions\/939"}],"wp:attachment":[{"href":"https:\/\/www.apeffa.com\/index.php?rest_route=%2Fwp%2Fv2%2Fmedia&parent=626"}],"curies":[{"name":"wp","href":"https:\/\/api.w.org\/{rel}","templated":true}]}}